{"id":95,"date":"2022-10-12T23:57:39","date_gmt":"2022-10-12T21:57:39","guid":{"rendered":"https:\/\/bluesky-production.de\/?page_id=95"},"modified":"2026-01-02T16:10:01","modified_gmt":"2026-01-02T15:10:01","slug":"worte","status":"publish","type":"page","link":"https:\/\/bluesky-production.de\/index.php\/worte\/","title":{"rendered":"Worte"},"content":{"rendered":"\n<p class=\"has-text-align-center\">Seit dem Master-Abschluss in Medienwissenschaft habe ich viele Geschichten verwirklicht und erz\u00e4hlt. irgendwo zwischen wissenschaftlicher Ausbildung und chronischem Online-Sein sind Texte mein Zuhause geworden (&#8230;aber TikTok ist es leider auch).<\/p>\n\n\n\n<hr class=\"wp-block-separator has-alpha-channel-opacity\"\/>\n\n\n\n<div class=\"wp-block-columns is-layout-flex wp-container-core-columns-is-layout-9d6595d7 wp-block-columns-is-layout-flex\">\n<div class=\"wp-block-column is-layout-flow wp-block-column-is-layout-flow\"><div class=\"wp-block-image\">\n<figure class=\"alignleft size-large\"><img loading=\"lazy\" decoding=\"async\" width=\"1024\" height=\"492\" src=\"https:\/\/bluesky-production.de\/wp-content\/uploads\/2025\/04\/Moviepilot-1024x492.webp\" alt=\"\" class=\"wp-image-160\" srcset=\"https:\/\/bluesky-production.de\/wp-content\/uploads\/2025\/04\/Moviepilot-1024x492.webp 1024w, https:\/\/bluesky-production.de\/wp-content\/uploads\/2025\/04\/Moviepilot-300x144.webp 300w, https:\/\/bluesky-production.de\/wp-content\/uploads\/2025\/04\/Moviepilot-768x369.webp 768w, https:\/\/bluesky-production.de\/wp-content\/uploads\/2025\/04\/Moviepilot.webp 1200w\" sizes=\"auto, (max-width: 1024px) 100vw, 1024px\" \/><\/figure>\n<\/div><\/div>\n\n\n\n<div class=\"wp-block-column is-layout-flow wp-block-column-is-layout-flow\">\n<p><strong>Freie Online-Redakteurin im Film- und Serien-Journalismus.<\/strong><\/p>\n\n\n\n<p class=\"has-text-align-left\">F\u00fcr Angebote der Webedia verfasse ich fokussierte und SEO-optimierte Unterhaltungsbeitr\u00e4ge im Serien- Film- und Popkultur-Bereich. Diese sind u.a. auf meinem Moviepilot-Blog zu finden: <br><a href=\"https:\/\/www.moviepilot.de\/blogs\/hannah-schuerkamp\">https:\/\/www.moviepilot.de\/blogs\/hannah-schuerkamp<\/a> <\/p>\n<\/div>\n<\/div>\n\n\n\n<hr class=\"wp-block-separator has-alpha-channel-opacity\"\/>\n\n\n\n<div class=\"wp-block-media-text alignwide has-media-on-the-right is-stacked-on-mobile is-image-fill-element\" style=\"grid-template-columns:auto 42%\"><div class=\"wp-block-media-text__content\">\n<p class=\"has-text-align-center\"><strong>Streaming-Tipp<\/strong><\/p>\n\n\n\n<p class=\"has-text-align-center\">Seit 2021 f\u00fchre ich f\u00fcr die Webseiten der OWL+ Lokalradios eine w\u00f6chentliche Rubrik zu Filmen und Serien auf diversen Streamingdiensten. Ihr findet diese u.A. bei Radio Bielefeld: <br><a href=\"https:\/\/www.radiobielefeld.de\/service\/streaming-tipp.html\" target=\"_blank\" rel=\"noreferrer noopener\">https:\/\/www.radiobielefeld.de\/service\/streaming-tipp.html<\/a><\/p>\n<\/div><figure class=\"wp-block-media-text__media\"><img loading=\"lazy\" decoding=\"async\" width=\"1024\" height=\"1024\" src=\"https:\/\/bluesky-production.de\/wp-content\/uploads\/2024\/10\/social_square-1024x1024.png\" alt=\"\" class=\"wp-image-148 size-full\" style=\"object-position:50% 50%\" srcset=\"https:\/\/bluesky-production.de\/wp-content\/uploads\/2024\/10\/social_square-1024x1024.png 1024w, https:\/\/bluesky-production.de\/wp-content\/uploads\/2024\/10\/social_square-300x300.png 300w, https:\/\/bluesky-production.de\/wp-content\/uploads\/2024\/10\/social_square-150x150.png 150w, https:\/\/bluesky-production.de\/wp-content\/uploads\/2024\/10\/social_square-768x768.png 768w, https:\/\/bluesky-production.de\/wp-content\/uploads\/2024\/10\/social_square.png 1080w\" sizes=\"auto, (max-width: 1024px) 100vw, 1024px\" \/><\/figure><\/div>\n\n\n\n<hr class=\"wp-block-separator has-alpha-channel-opacity\"\/>\n\n\n\n<div class=\"wp-block-media-text is-stacked-on-mobile is-image-fill-element\"><figure class=\"wp-block-media-text__media\"><img loading=\"lazy\" decoding=\"async\" width=\"1024\" height=\"1024\" src=\"https:\/\/bluesky-production.de\/wp-content\/uploads\/2024\/10\/social_square-2-1024x1024.png\" alt=\"\" class=\"wp-image-154 size-full\" style=\"object-position:50% 50%\" srcset=\"https:\/\/bluesky-production.de\/wp-content\/uploads\/2024\/10\/social_square-2-1024x1024.png 1024w, https:\/\/bluesky-production.de\/wp-content\/uploads\/2024\/10\/social_square-2-300x300.png 300w, https:\/\/bluesky-production.de\/wp-content\/uploads\/2024\/10\/social_square-2-150x150.png 150w, https:\/\/bluesky-production.de\/wp-content\/uploads\/2024\/10\/social_square-2-768x768.png 768w, https:\/\/bluesky-production.de\/wp-content\/uploads\/2024\/10\/social_square-2.png 1080w\" sizes=\"auto, (max-width: 1024px) 100vw, 1024px\" \/><\/figure><div class=\"wp-block-media-text__content\">\n<p><strong>Wissenschaftliches Schreiben<\/strong> <\/p>\n\n\n\n<ul class=\"wp-block-list\">\n<li>&#8222;Digitale R\u00e4ume im Hochformat. Soziale, \u00e4sthetische und narrative Dimensionen im vertikalen Bewegtbild&#8220;, Masterarbeit (2024).<\/li>\n\n\n\n<li>&#8222;Narrative Perspectives and the Historical Biopic. Critical Implications of Voice and Focalisation for (Hi)stories in \u201cThe Imitation Game\u201d (2014)&#8220;, Bachelorarbeit (2023).<\/li>\n<\/ul>\n<\/div><\/div>\n\n\n\n<hr class=\"wp-block-separator has-alpha-channel-opacity\"\/>\n\n\n\n<div class=\"wp-block-media-text alignwide has-media-on-the-right is-stacked-on-mobile is-image-fill-element\"><div class=\"wp-block-media-text__content\">\n<p class=\"has-text-align-center\"><strong>Marketing in Westfalen<\/strong><\/p>\n\n\n\n<p class=\"has-text-align-center\">F\u00fcr den Marketing-Blog habe ich mehrere Beitr\u00e4ge zum Thema Social Media verfasst.<\/p>\n\n\n\n<ul class=\"wp-block-list\">\n<li><em>Augmented Reality: Marketing in der erweiterten Welt<\/em>, 21.06.2022.<\/li>\n\n\n\n<li><em>Memes als Marketing<\/em>, 09.05.2022.<\/li>\n\n\n\n<li>Dreiteilig<em>: Reels &amp; TikTok als Marketing Strategie<\/em>, 08.03.2022, 15.03.2022, 22.03.2022.<\/li>\n\n\n\n<li><em>Social Bots: Intelligentes Leben im Netz?<\/em>, 23.11.2021.<\/li>\n\n\n\n<li><em>Emotionsmarketing &#8211; Das neue Medium hei\u00dft Meinung<\/em>, 28.09.2021.<\/li>\n\n\n\n<li><em>Der Lieblingsnachrichtensender: News als Marke<\/em>, 01.06.2022.<\/li>\n<\/ul>\n\n\n\n<p><\/p>\n<\/div><figure class=\"wp-block-media-text__media\"><img loading=\"lazy\" decoding=\"async\" width=\"1024\" height=\"1024\" src=\"https:\/\/bluesky-production.de\/wp-content\/uploads\/2024\/10\/social_square-1-1024x1024.png\" alt=\"\" class=\"wp-image-151 size-full\" style=\"object-position:50% 50%\" srcset=\"https:\/\/bluesky-production.de\/wp-content\/uploads\/2024\/10\/social_square-1-1024x1024.png 1024w, https:\/\/bluesky-production.de\/wp-content\/uploads\/2024\/10\/social_square-1-300x300.png 300w, https:\/\/bluesky-production.de\/wp-content\/uploads\/2024\/10\/social_square-1-150x150.png 150w, https:\/\/bluesky-production.de\/wp-content\/uploads\/2024\/10\/social_square-1-768x768.png 768w, https:\/\/bluesky-production.de\/wp-content\/uploads\/2024\/10\/social_square-1.png 1080w\" sizes=\"auto, (max-width: 1024px) 100vw, 1024px\" \/><\/figure><\/div>\n","protected":false},"excerpt":{"rendered":"<p>Seit dem Master-Abschluss in Medienwissenschaft habe ich viele Geschichten verwirklicht und erz\u00e4hlt. irgendwo zwischen wissenschaftlicher Ausbildung und chronischem Online-Sein sind Texte mein Zuhause geworden (&#8230;aber&#8230;<\/p>\n<div class=\"more-link-wrapper\"><a class=\"more-link\" href=\"https:\/\/bluesky-production.de\/index.php\/worte\/\">Weiterlesen<span class=\"screen-reader-text\">Worte<\/span><\/a><\/div>\n","protected":false},"author":1,"featured_media":0,"parent":0,"menu_order":0,"comment_status":"closed","ping_status":"closed","template":"","meta":{"footnotes":""},"class_list":["post-95","page","type-page","status-publish","hentry","entry"],"_links":{"self":[{"href":"https:\/\/bluesky-production.de\/index.php\/wp-json\/wp\/v2\/pages\/95","targetHints":{"allow":["GET"]}}],"collection":[{"href":"https:\/\/bluesky-production.de\/index.php\/wp-json\/wp\/v2\/pages"}],"about":[{"href":"https:\/\/bluesky-production.de\/index.php\/wp-json\/wp\/v2\/types\/page"}],"author":[{"embeddable":true,"href":"https:\/\/bluesky-production.de\/index.php\/wp-json\/wp\/v2\/users\/1"}],"replies":[{"embeddable":true,"href":"https:\/\/bluesky-production.de\/index.php\/wp-json\/wp\/v2\/comments?post=95"}],"version-history":[{"count":23,"href":"https:\/\/bluesky-production.de\/index.php\/wp-json\/wp\/v2\/pages\/95\/revisions"}],"predecessor-version":[{"id":172,"href":"https:\/\/bluesky-production.de\/index.php\/wp-json\/wp\/v2\/pages\/95\/revisions\/172"}],"wp:attachment":[{"href":"https:\/\/bluesky-production.de\/index.php\/wp-json\/wp\/v2\/media?parent=95"}],"curies":[{"name":"wp","href":"https:\/\/api.w.org\/{rel}","templated":true}]}}