{"id":80,"date":"2022-10-12T23:26:29","date_gmt":"2022-10-12T21:26:29","guid":{"rendered":"https:\/\/bluesky-production.de\/?page_id=80"},"modified":"2024-07-19T17:17:50","modified_gmt":"2024-07-19T15:17:50","slug":"videoproduktion","status":"publish","type":"page","link":"https:\/\/bluesky-production.de\/index.php\/videoproduktion\/","title":{"rendered":"Videoproduktion"},"content":{"rendered":"\n<p class=\"has-text-align-center\">Dort, wo Menschen zusammenkommen, sind Bilder oft mehr wert als tausend Worte<\/p>\n\n\n\n<figure class=\"wp-block-embed is-type-video is-provider-youtube wp-block-embed-youtube wp-embed-aspect-16-9 wp-has-aspect-ratio\"><div class=\"wp-block-embed__wrapper\">\n<iframe loading=\"lazy\" title=\"Die Wohngruppen der Lebenshilfe\" width=\"500\" height=\"281\" src=\"https:\/\/www.youtube.com\/embed\/yHsv_gjYyE8?feature=oembed\" frameborder=\"0\" allow=\"accelerometer; autoplay; clipboard-write; encrypted-media; gyroscope; picture-in-picture; web-share\" referrerpolicy=\"strict-origin-when-cross-origin\" allowfullscreen><\/iframe>\n<\/div><figcaption class=\"wp-element-caption\">Recruiting<\/figcaption><\/figure>\n\n\n\n<figure class=\"wp-block-embed is-type-video is-provider-youtube wp-block-embed-youtube wp-embed-aspect-16-9 wp-has-aspect-ratio\"><div class=\"wp-block-embed__wrapper\">\n<iframe loading=\"lazy\" title=\"vocca - Video Landscape 2\" width=\"500\" height=\"281\" src=\"https:\/\/www.youtube.com\/embed\/AgSiayqbeJ4?feature=oembed\" frameborder=\"0\" allow=\"accelerometer; autoplay; clipboard-write; encrypted-media; gyroscope; picture-in-picture; web-share\" referrerpolicy=\"strict-origin-when-cross-origin\" allowfullscreen><\/iframe>\n<\/div><figcaption class=\"wp-element-caption\">Produktvideos <\/figcaption><\/figure>\n\n\n\n<figure class=\"wp-block-embed is-type-video is-provider-youtube wp-block-embed-youtube wp-embed-aspect-16-9 wp-has-aspect-ratio\"><div class=\"wp-block-embed__wrapper\">\n<iframe loading=\"lazy\" title=\"FUD Herford Imagefilm\" width=\"500\" height=\"281\" src=\"https:\/\/www.youtube.com\/embed\/MhCAe8PfsQc?feature=oembed\" frameborder=\"0\" allow=\"accelerometer; autoplay; clipboard-write; encrypted-media; gyroscope; picture-in-picture; web-share\" referrerpolicy=\"strict-origin-when-cross-origin\" allowfullscreen><\/iframe>\n<\/div><figcaption class=\"wp-element-caption\">Soziale Projekte<\/figcaption><\/figure>\n\n\n\n<p class=\"has-text-align-center\">Als kreativer Dienstleister bietet BlueSky Media die Produktion von kurzen Videos an. <br>Mit Fingerspitzengef\u00fchl und Einf\u00fchlungsverm\u00f6gen finden vor allem soziale Projekte und menschenbezogene Geschichten hier einen kompetenten Partner. <\/p>\n\n\n\n<p class=\"has-text-align-center\">Video-Projekte mit sozialem Bezug erfordern gute Planung und vor allem individuelle Absprachen. F\u00fcr ein unverbindliches Erstgespr\u00e4ch und gegenseitiges Kennenlernen kann gerne Kontakt aufgenommen werden.<\/p>\n\n\n\n<div class=\"wp-block-buttons is-content-justification-center is-layout-flex wp-container-core-buttons-is-layout-16018d1d wp-block-buttons-is-layout-flex\">\n<div class=\"wp-block-button\"><a class=\"wp-block-button__link wp-element-button\" href=\"mailto:kontakt@bluesky-production.de\">Kontakt<\/a><\/div>\n<\/div>\n","protected":false},"excerpt":{"rendered":"<p>Dort, wo Menschen zusammenkommen, sind Bilder oft mehr wert als tausend Worte Als kreativer Dienstleister bietet BlueSky Media die Produktion von kurzen Videos an. Mit&#8230;<\/p>\n<div class=\"more-link-wrapper\"><a class=\"more-link\" href=\"https:\/\/bluesky-production.de\/index.php\/videoproduktion\/\">Weiterlesen<span class=\"screen-reader-text\">Videoproduktion<\/span><\/a><\/div>\n","protected":false},"author":1,"featured_media":0,"parent":0,"menu_order":0,"comment_status":"closed","ping_status":"closed","template":"","meta":{"footnotes":""},"class_list":["post-80","page","type-page","status-publish","hentry","entry"],"_links":{"self":[{"href":"https:\/\/bluesky-production.de\/index.php\/wp-json\/wp\/v2\/pages\/80","targetHints":{"allow":["GET"]}}],"collection":[{"href":"https:\/\/bluesky-production.de\/index.php\/wp-json\/wp\/v2\/pages"}],"about":[{"href":"https:\/\/bluesky-production.de\/index.php\/wp-json\/wp\/v2\/types\/page"}],"author":[{"embeddable":true,"href":"https:\/\/bluesky-production.de\/index.php\/wp-json\/wp\/v2\/users\/1"}],"replies":[{"embeddable":true,"href":"https:\/\/bluesky-production.de\/index.php\/wp-json\/wp\/v2\/comments?post=80"}],"version-history":[{"count":7,"href":"https:\/\/bluesky-production.de\/index.php\/wp-json\/wp\/v2\/pages\/80\/revisions"}],"predecessor-version":[{"id":141,"href":"https:\/\/bluesky-production.de\/index.php\/wp-json\/wp\/v2\/pages\/80\/revisions\/141"}],"wp:attachment":[{"href":"https:\/\/bluesky-production.de\/index.php\/wp-json\/wp\/v2\/media?parent=80"}],"curies":[{"name":"wp","href":"https:\/\/api.w.org\/{rel}","templated":true}]}}