{"id":65,"date":"2022-10-12T23:05:23","date_gmt":"2022-10-12T21:05:23","guid":{"rendered":"https:\/\/bluesky-production.de\/?page_id=65"},"modified":"2026-01-02T16:03:26","modified_gmt":"2026-01-02T15:03:26","slug":"hochzeiten","status":"publish","type":"page","link":"https:\/\/bluesky-production.de\/index.php\/hochzeiten\/","title":{"rendered":"Hochzeiten"},"content":{"rendered":"\n<p class=\"has-text-align-center\">Macht den sch\u00f6nsten Tag eures Lebens unvergesslich. <br>Ein Hochzeitsvideo erinnert euch und eure Lieben auch Jahre sp\u00e4ter noch <br>an die gemeinsamen Stunden.<\/p>\n\n\n\n<figure class=\"wp-block-embed is-type-video is-provider-youtube wp-block-embed-youtube wp-embed-aspect-16-9 wp-has-aspect-ratio\"><div class=\"wp-block-embed__wrapper\">\n<iframe loading=\"lazy\" title=\"Hochzeitsvideos von BlueSky Media ~ Reel\" width=\"500\" height=\"281\" src=\"https:\/\/www.youtube.com\/embed\/Wvbb8OKLBlg?feature=oembed\" frameborder=\"0\" allow=\"accelerometer; autoplay; clipboard-write; encrypted-media; gyroscope; picture-in-picture; web-share\" referrerpolicy=\"strict-origin-when-cross-origin\" allowfullscreen><\/iframe>\n<\/div><\/figure>\n\n\n\n<p class=\"has-text-align-center\">Mit einem Hochzeitsvideo von BlueSky Media bekommt ihr ein Video, das ganz auf eure Bed\u00fcrfnisse abgestimmt ist.<br>An eurem gemeinsamen Tag steht nur ihr im Mittelpunkt ~<br>Intim, individuell und ohne gro\u00dfes Tam-Tam: genau nach euren Vorstellungen.<br><\/p>\n\n\n\n<figure class=\"wp-block-pullquote\"><blockquote><p>Together is a wonderful place to be ~<\/p><cite>A.A. Milne \/ Winnie Pooh <\/cite><\/blockquote><\/figure>\n\n\n\n<div class=\"wp-block-media-text has-media-on-the-right is-stacked-on-mobile is-vertically-aligned-center\" style=\"grid-template-columns:auto 60%\"><div class=\"wp-block-media-text__content\">\n<p class=\"has-black-color has-text-color has-larger-font-size\"><strong>Service<\/strong><\/p>\n<\/div><figure class=\"wp-block-media-text__media\"><img loading=\"lazy\" decoding=\"async\" width=\"847\" height=\"429\" src=\"https:\/\/bluesky-production.de\/wp-content\/uploads\/2022\/10\/still.png\" alt=\"\" class=\"wp-image-55 size-full\" srcset=\"https:\/\/bluesky-production.de\/wp-content\/uploads\/2022\/10\/still.png 847w, https:\/\/bluesky-production.de\/wp-content\/uploads\/2022\/10\/still-300x152.png 300w, https:\/\/bluesky-production.de\/wp-content\/uploads\/2022\/10\/still-768x389.png 768w\" sizes=\"auto, (max-width: 847px) 100vw, 847px\" \/><\/figure><\/div>\n\n\n\n<ul class=\"wp-block-list\">\n<li>Kostenloses Vorgespr\u00e4ch per Videochat oder Telefonat <\/li>\n\n\n\n<li>Pers\u00f6nliches Erstgespr\u00e4ch, Raum f\u00fcr eure Vorstellungen und W\u00fcnsche<\/li>\n\n\n\n<li>Individueller Drehtag: Styling, First Look, Shooting, Trauung, Party <\/li>\n\n\n\n<li>Begleitung mit zwei Kameras und Audio-Equipment<\/li>\n\n\n\n<li>Professionelle Nachbearbeitung <\/li>\n\n\n\n<li>ca. 12-15 min\u00fctiges Video des gesamten Tages<\/li>\n\n\n\n<li>ca. 3 min\u00fctiges Best Of Video mit Link zum Teilen mit Freunden und Familie <\/li>\n<\/ul>\n\n\n\n<div class=\"wp-block-media-text is-stacked-on-mobile is-vertically-aligned-center\"><figure class=\"wp-block-media-text__media\"><img loading=\"lazy\" decoding=\"async\" width=\"366\" height=\"511\" src=\"https:\/\/bluesky-production.de\/wp-content\/uploads\/2022\/10\/stillns-2.png\" alt=\"\" class=\"wp-image-74 size-full\" srcset=\"https:\/\/bluesky-production.de\/wp-content\/uploads\/2022\/10\/stillns-2.png 366w, https:\/\/bluesky-production.de\/wp-content\/uploads\/2022\/10\/stillns-2-215x300.png 215w\" sizes=\"auto, (max-width: 366px) 100vw, 366px\" \/><\/figure><div class=\"wp-block-media-text__content\">\n<p><\/p>\n\n\n\n<p>Preis auf Anfrage &#8211; bei oben genannten Konditionen, individuell anpassbar.<\/p>\n<\/div><\/div>\n\n\n\n<div style=\"height:46px\" aria-hidden=\"true\" class=\"wp-block-spacer\"><\/div>\n\n\n\n<div class=\"wp-block-buttons is-content-justification-center is-layout-flex wp-container-core-buttons-is-layout-16018d1d wp-block-buttons-is-layout-flex\">\n<div class=\"wp-block-button\"><a class=\"wp-block-button__link wp-element-button\" href=\"mailto:kontakt@bluesky-production.de\" rel=\"mailto:hochzeit@blueskyproduction.de\">Jetzt unverbindlich anfragen<\/a><\/div>\n<\/div>\n","protected":false},"excerpt":{"rendered":"<p>Macht den sch\u00f6nsten Tag eures Lebens unvergesslich. Ein Hochzeitsvideo erinnert euch und eure Lieben auch Jahre sp\u00e4ter noch an die gemeinsamen Stunden. Mit einem Hochzeitsvideo&#8230;<\/p>\n<div class=\"more-link-wrapper\"><a class=\"more-link\" href=\"https:\/\/bluesky-production.de\/index.php\/hochzeiten\/\">Weiterlesen<span class=\"screen-reader-text\">Hochzeiten<\/span><\/a><\/div>\n","protected":false},"author":1,"featured_media":0,"parent":0,"menu_order":0,"comment_status":"closed","ping_status":"closed","template":"","meta":{"footnotes":""},"class_list":["post-65","page","type-page","status-publish","hentry","entry"],"_links":{"self":[{"href":"https:\/\/bluesky-production.de\/index.php\/wp-json\/wp\/v2\/pages\/65","targetHints":{"allow":["GET"]}}],"collection":[{"href":"https:\/\/bluesky-production.de\/index.php\/wp-json\/wp\/v2\/pages"}],"about":[{"href":"https:\/\/bluesky-production.de\/index.php\/wp-json\/wp\/v2\/types\/page"}],"author":[{"embeddable":true,"href":"https:\/\/bluesky-production.de\/index.php\/wp-json\/wp\/v2\/users\/1"}],"replies":[{"embeddable":true,"href":"https:\/\/bluesky-production.de\/index.php\/wp-json\/wp\/v2\/comments?post=65"}],"version-history":[{"count":14,"href":"https:\/\/bluesky-production.de\/index.php\/wp-json\/wp\/v2\/pages\/65\/revisions"}],"predecessor-version":[{"id":168,"href":"https:\/\/bluesky-production.de\/index.php\/wp-json\/wp\/v2\/pages\/65\/revisions\/168"}],"wp:attachment":[{"href":"https:\/\/bluesky-production.de\/index.php\/wp-json\/wp\/v2\/media?parent=65"}],"curies":[{"name":"wp","href":"https:\/\/api.w.org\/{rel}","templated":true}]}}