{"id":100,"date":"2022-10-13T00:08:44","date_gmt":"2022-10-12T22:08:44","guid":{"rendered":"https:\/\/bluesky-production.de\/?page_id=100"},"modified":"2026-01-02T16:13:58","modified_gmt":"2026-01-02T15:13:58","slug":"kontakt","status":"publish","type":"page","link":"https:\/\/bluesky-production.de\/index.php\/kontakt\/","title":{"rendered":"Kontakt"},"content":{"rendered":"\n<div class=\"wp-block-media-text alignwide has-media-on-the-right is-stacked-on-mobile\" style=\"grid-template-columns:auto 35%\"><div class=\"wp-block-media-text__content\">\n<p>Mein Name ist Hannah Sch\u00fcrkamp. In den Bereichen Videoproduktion und Content Creation bin ich seit 2018 t\u00e4tig. Neben meiner T\u00e4tigkeit als Copywriterin arbeite ich als freiberufliche Redakteurin. Meine Interessen fokussieren sich dabei auf die interdisziplin\u00e4ren Ber\u00fchrungspunkte zwischen Medientheorie und Praxis. <br><br><a href=\"mailto:kontakt@bluesky-production.de\">kontakt@bluesky-production.de<\/a>.<\/p>\n<\/div><figure class=\"wp-block-media-text__media\"><img loading=\"lazy\" decoding=\"async\" width=\"537\" height=\"414\" src=\"https:\/\/bluesky-production.de\/wp-content\/uploads\/2022\/10\/hannah-1-2.png\" alt=\"\" class=\"wp-image-101 size-full\" srcset=\"https:\/\/bluesky-production.de\/wp-content\/uploads\/2022\/10\/hannah-1-2.png 537w, https:\/\/bluesky-production.de\/wp-content\/uploads\/2022\/10\/hannah-1-2-300x231.png 300w\" sizes=\"auto, (max-width: 537px) 100vw, 537px\" \/><\/figure><\/div>\n\n\n\n<div class=\"wp-block-buttons is-content-justification-center is-layout-flex wp-container-core-buttons-is-layout-16018d1d wp-block-buttons-is-layout-flex\">\n<div class=\"wp-block-button\"><a class=\"wp-block-button__link wp-element-button\" href=\"mailto:kontakt@bluesky-production.de\">Kontakt<\/a><\/div>\n\n\n\n<div class=\"wp-block-button\"><a class=\"wp-block-button__link wp-element-button\" href=\"https:\/\/www.linkedin.com\/in\/hannah-sch%C3%BCrkamp-237090244\/\">LinkedIn<\/a><\/div>\n<\/div>\n\n\n\n<p><\/p>\n","protected":false},"excerpt":{"rendered":"<p>Mein Name ist Hannah Sch\u00fcrkamp. In den Bereichen Videoproduktion und Content Creation bin ich seit 2018 t\u00e4tig. Neben meiner T\u00e4tigkeit als Copywriterin arbeite ich als&#8230;<\/p>\n<div class=\"more-link-wrapper\"><a class=\"more-link\" href=\"https:\/\/bluesky-production.de\/index.php\/kontakt\/\">Weiterlesen<span class=\"screen-reader-text\">Kontakt<\/span><\/a><\/div>\n","protected":false},"author":1,"featured_media":0,"parent":0,"menu_order":0,"comment_status":"closed","ping_status":"closed","template":"","meta":{"footnotes":""},"class_list":["post-100","page","type-page","status-publish","hentry","entry"],"_links":{"self":[{"href":"https:\/\/bluesky-production.de\/index.php\/wp-json\/wp\/v2\/pages\/100","targetHints":{"allow":["GET"]}}],"collection":[{"href":"https:\/\/bluesky-production.de\/index.php\/wp-json\/wp\/v2\/pages"}],"about":[{"href":"https:\/\/bluesky-production.de\/index.php\/wp-json\/wp\/v2\/types\/page"}],"author":[{"embeddable":true,"href":"https:\/\/bluesky-production.de\/index.php\/wp-json\/wp\/v2\/users\/1"}],"replies":[{"embeddable":true,"href":"https:\/\/bluesky-production.de\/index.php\/wp-json\/wp\/v2\/comments?post=100"}],"version-history":[{"count":6,"href":"https:\/\/bluesky-production.de\/index.php\/wp-json\/wp\/v2\/pages\/100\/revisions"}],"predecessor-version":[{"id":176,"href":"https:\/\/bluesky-production.de\/index.php\/wp-json\/wp\/v2\/pages\/100\/revisions\/176"}],"wp:attachment":[{"href":"https:\/\/bluesky-production.de\/index.php\/wp-json\/wp\/v2\/media?parent=100"}],"curies":[{"name":"wp","href":"https:\/\/api.w.org\/{rel}","templated":true}]}}